{"id":119,"date":"2021-11-26T13:58:25","date_gmt":"2021-11-26T02:58:25","guid":{"rendered":"https:\/\/techforgood.nc\/?page_id=119"},"modified":"2021-11-30T15:16:43","modified_gmt":"2021-11-30T04:16:43","slug":"contact","status":"publish","type":"page","link":"https:\/\/techforgood.nc\/edition2023\/contact\/","title":{"rendered":"Nous contacter"},"content":{"rendered":"<p><strong>Si vous avez la moindre question concernant<br \/>\nle Concours ou la TECH FOR GOOD,<br \/>\nn\u2019h\u00e9sitez pas \u00e0 nous contacter.<\/strong><\/p>\n<h4>Nous reviendrons vers vous dans les plus brefs d\u00e9lais.<\/h4>\n","protected":false},"excerpt":{"rendered":"<p>Si vous avez la moindre question concernant le Concours ou la TECH FOR GOOD, n\u2019h\u00e9sitez pas \u00e0 nous contacter. Nous reviendrons vers vous dans les plus brefs d\u00e9lais.<\/p>\n","protected":false},"author":2,"featured_media":0,"parent":0,"menu_order":0,"comment_status":"closed","ping_status":"closed","template":"template-contact.php","meta":{"_acf_changed":false,"inline_featured_image":false,"footnotes":""},"class_list":["post-119","page","type-page","status-publish","hentry"],"acf":[],"_links":{"self":[{"href":"https:\/\/techforgood.nc\/edition2023\/wp-json\/wp\/v2\/pages\/119","targetHints":{"allow":["GET"]}}],"collection":[{"href":"https:\/\/techforgood.nc\/edition2023\/wp-json\/wp\/v2\/pages"}],"about":[{"href":"https:\/\/techforgood.nc\/edition2023\/wp-json\/wp\/v2\/types\/page"}],"author":[{"embeddable":true,"href":"https:\/\/techforgood.nc\/edition2023\/wp-json\/wp\/v2\/users\/2"}],"replies":[{"embeddable":true,"href":"https:\/\/techforgood.nc\/edition2023\/wp-json\/wp\/v2\/comments?post=119"}],"version-history":[{"count":5,"href":"https:\/\/techforgood.nc\/edition2023\/wp-json\/wp\/v2\/pages\/119\/revisions"}],"predecessor-version":[{"id":243,"href":"https:\/\/techforgood.nc\/edition2023\/wp-json\/wp\/v2\/pages\/119\/revisions\/243"}],"wp:attachment":[{"href":"https:\/\/techforgood.nc\/edition2023\/wp-json\/wp\/v2\/media?parent=119"}],"curies":[{"name":"wp","href":"https:\/\/api.w.org\/{rel}","templated":true}]}}